{"id":2,"date":"2008-10-27T19:23:24","date_gmt":"2008-10-27T18:23:24","guid":{"rendered":"http:\/\/www.eetcafedeklap.nl\/site\/?page_id=2"},"modified":"2021-02-18T15:48:14","modified_gmt":"2021-02-18T14:48:14","slug":"eetcafe-zaal","status":"publish","type":"page","link":"https:\/\/www.eetcafedeklap.nl\/site\/index.php\/eetcafe-zaal\/","title":{"rendered":"Eetcaf\u00e9 &#038; Zaal"},"content":{"rendered":"<p>Naast het regulier bezoeken van het caf\u00e9 voor een hapje of een drankje biedt Grand eetcaf\u00e9 De Klap diverse mogelijkheden om een verjaardag, trouwerij, re\u00fcnie, familiedag, vergadering of ander evenement te organiseren.<\/p>\n<p>Hiervoor kan men zowel over de zaal als over het caf\u00e9 beschikken. In overleg wordt gekeken naar de aard van het feest en de grootte van de groep en wordt bepaald waar het evenement het beste gehouden kan worden.<\/p>\n<p>Zo kan het dus voorkomen dat het caf\u00e9 (deze is groter dan de zaal) feestruimte wordt en de zaal alternatief caf\u00e9. Wanneer je in het eetcaf\u00e9 wilt komen eten is reserveren niet nodig, maar bij groepen groter als 6 personen wel gewenst.<\/p>\n<p>Voor onze kleine gasten zijn er vele spelletjes beschikbaar en natuurlijk een mooie placemet om in te kleuren.<\/p>\n<p>&nbsp;<\/p>\n<h3>Buffet idee<\/h3>\n<p>Bij veel feesten is het samen eten een belangrijk onderdeel. Om dit voor grotere groepen mogelijk te maken wordt er gebruik gemaakt van een warm en\/of koud buffet.( Een buffet kan vanaf 15 personen )<\/p>\n<p>Op aanvraag kunt u een overzicht ontvangen van de buffetten die wij zoal aanbieden, maar in overleg zijn alle gerechten aan te passen en anders te combineren of desgewenst wordt er een geheel nieuw menu samengesteld. Daarnaast zijn er ook een aantal vegetarische gerechten.<\/p>\n<p>&nbsp;<\/p>\n<h3>Vergader- \/ Cursusruimte<\/h3>\n<p>De zaal van de Klap is geschikt om te vergaderen of om als cursusruimte te gebruiken. De ruimte is voorzien van tl verlichting, is goed geventileerd en beschikt over een eigen ingang en toiletvoorziening. Zaalhuur is in overleg.<\/p>\n<p>Voor een eventuele presentatie kan er gebruik gemaakt worden van een flipover en projectie t.v.<br \/>\nWanneer er groepjes met elkaar moeten overleggen, kan ook gebruik worden gemaakt van de ruimte in het caf\u00e9.<\/p>\n<p>Drinken en maaltijden kunnen volledig verzorgd worden.<\/p>\n<p>&nbsp;<\/p>\n<h3>Oud Hollandse spelen<\/h3>\n<p>Bij Grand eetcaf\u00e9 de Klap is er naast het hebben van een gezellige avond met bijvoorbeeld een warm buffet, ook mogelijk om gebruik te maken van Oud Hollandse Spellen. Zelf hebben we 3 spellen mocht u meer willen<br \/>\nhebben wij altijd de mogelijkheid om er spellen bij te huren.<\/p>\n<p>&nbsp;<\/p>\n<h3>Catering<\/h3>\n<p>Druk aan het werk of even lekker lui? Maar je wilt toch een goede maaltijd? Dat kan. Bijna alle gerechten van de menukaart zijn ook af te halen en desgewenst worden ze bezorgd.<\/p>\n<p>Thuis met een grote groep lekker eten? Alle buffetten zoals hiervoor genoemd bij het buffet idee, zijn thuis te bezorgen. Uiteraard is het noodzakelijk hiervoor op tijd te reserveren.<\/p>\n","protected":false},"excerpt":{"rendered":"<p>Naast het regulier bezoeken van het caf\u00e9 voor een hapje of een drankje biedt Grand eetcaf\u00e9 De Klap diverse mogelijkheden om een verjaardag, trouwerij, re\u00fcnie, familiedag, vergadering of ander evenement te organiseren. Hiervoor kan men zowel over de zaal als over het caf\u00e9 beschikken. In overleg wordt gekeken naar de aard van het feest en [&hellip;]<\/p>\n","protected":false},"author":1,"featured_media":0,"parent":0,"menu_order":0,"comment_status":"open","ping_status":"open","template":"","meta":[],"_links":{"self":[{"href":"https:\/\/www.eetcafedeklap.nl\/site\/index.php\/wp-json\/wp\/v2\/pages\/2"}],"collection":[{"href":"https:\/\/www.eetcafedeklap.nl\/site\/index.php\/wp-json\/wp\/v2\/pages"}],"about":[{"href":"https:\/\/www.eetcafedeklap.nl\/site\/index.php\/wp-json\/wp\/v2\/types\/page"}],"author":[{"embeddable":true,"href":"https:\/\/www.eetcafedeklap.nl\/site\/index.php\/wp-json\/wp\/v2\/users\/1"}],"replies":[{"embeddable":true,"href":"https:\/\/www.eetcafedeklap.nl\/site\/index.php\/wp-json\/wp\/v2\/comments?post=2"}],"version-history":[{"count":15,"href":"https:\/\/www.eetcafedeklap.nl\/site\/index.php\/wp-json\/wp\/v2\/pages\/2\/revisions"}],"predecessor-version":[{"id":4347,"href":"https:\/\/www.eetcafedeklap.nl\/site\/index.php\/wp-json\/wp\/v2\/pages\/2\/revisions\/4347"}],"wp:attachment":[{"href":"https:\/\/www.eetcafedeklap.nl\/site\/index.php\/wp-json\/wp\/v2\/media?parent=2"}],"curies":[{"name":"wp","href":"https:\/\/api.w.org\/{rel}","templated":true}]}}